{"id":142,"date":"2022-08-12T15:10:02","date_gmt":"2022-08-12T13:10:02","guid":{"rendered":"http:\/\/31.217.196.11\/~gwusbqvh\/?page_id=142"},"modified":"2022-08-18T17:23:28","modified_gmt":"2022-08-18T15:23:28","slug":"instructor","status":"publish","type":"page","link":"https:\/\/cavediving.fi\/fi\/instructor\/","title":{"rendered":"Kouluttaja"},"content":{"rendered":"<p>[et_pb_section fb_built=&#8221;1&#8243; _builder_version=&#8221;4.17.6&#8243; _module_preset=&#8221;default&#8221; custom_padding=&#8221;31px|||||&#8221; global_colors_info=&#8221;{}&#8221;][et_pb_row make_equal=&#8221;on&#8221; _builder_version=&#8221;4.18.0&#8243; _module_preset=&#8221;default&#8221; custom_margin_tablet=&#8221;0px||0px||false|false&#8221; custom_margin_phone=&#8221;0px||0px||false|false&#8221; custom_margin_last_edited=&#8221;on|desktop&#8221; custom_padding=&#8221;0px||0px||false|false&#8221; hover_enabled=&#8221;0&#8243; global_colors_info=&#8221;{}&#8221; sticky_enabled=&#8221;0&#8243;][et_pb_column type=&#8221;4_4&#8243; _builder_version=&#8221;4.18.0&#8243; _module_preset=&#8221;default&#8221; global_colors_info=&#8221;{}&#8221;][et_pb_text content_tablet=&#8221;<\/p>\n<h1 style=\"%22text-align:\" center;%22>Kouluttaja<\/h1>\n<p>&#8221; content_phone=&#8221;<\/p>\n<h1 style=\"%22text-align:\" center;%22>Kouluttaja<\/h1>\n<p>&#8221; content_last_edited=&#8221;on|desktop&#8221; _builder_version=&#8221;4.18.0&#8243; _module_preset=&#8221;default&#8221; header_2_font=&#8221;|||on|||||&#8221; header_2_text_align=&#8221;center&#8221; header_2_text_color=&#8221;#E02B20&#8243; header_2_font_size=&#8221;27px&#8221; custom_margin=&#8221;||22px|||&#8221; custom_margin_tablet=&#8221;||22px|||&#8221; custom_margin_phone=&#8221;||22px|||&#8221; custom_margin_last_edited=&#8221;on|phone&#8221; header_2_text_align_tablet=&#8221;center&#8221; header_2_text_align_phone=&#8221;center&#8221; header_2_text_align_last_edited=&#8221;on|tablet&#8221; text_orientation_tablet=&#8221;center&#8221; text_orientation_phone=&#8221;center&#8221; text_orientation_last_edited=&#8221;on|desktop&#8221; global_colors_info=&#8221;{}&#8221;]<\/p>\n<h1 style=\"text-align: left;\">Kouluttaja<\/h1>\n<p>[\/et_pb_text][\/et_pb_column][\/et_pb_row][et_pb_row column_structure=&#8221;1_2,1_2&#8243; make_equal=&#8221;on&#8221; _builder_version=&#8221;4.18.0&#8243; _module_preset=&#8221;default&#8221; width_tablet=&#8221;90%&#8221; width_phone=&#8221;90%&#8221; width_last_edited=&#8221;on|desktop&#8221; custom_margin=&#8221;|auto|26px|auto||&#8221; custom_padding=&#8221;13px||49px|||&#8221; hover_enabled=&#8221;0&#8243; global_colors_info=&#8221;{}&#8221; sticky_enabled=&#8221;0&#8243;][et_pb_column type=&#8221;1_2&#8243; _builder_version=&#8221;4.18.0&#8243; _module_preset=&#8221;default&#8221; global_colors_info=&#8221;{}&#8221;][et_pb_image src=&#8221;https:\/\/31.217.196.11\/~gwusbqvh\/wp-content\/uploads\/2022\/08\/teppolallukka.jpg&#8221; alt=&#8221;Teppo Lallukka&#8221; title_text=&#8221;Teppo Lallukka&#8221; _builder_version=&#8221;4.18.0&#8243; _module_preset=&#8221;default&#8221; global_colors_info=&#8221;{}&#8221;][\/et_pb_image][\/et_pb_column][et_pb_column type=&#8221;1_2&#8243; _builder_version=&#8221;4.18.0&#8243; _module_preset=&#8221;default&#8221; global_colors_info=&#8221;{}&#8221;][et_pb_text _builder_version=&#8221;4.18.0&#8243; _module_preset=&#8221;default&#8221; text_font=&#8221;|300|||||||&#8221; text_font_size=&#8221;16px&#8221; custom_padding=&#8221;||23px|||&#8221; global_colors_info=&#8221;{}&#8221;]<\/p>\n<div data-pm-slice=\"1 1 []\" data-en-clipboard=\"true\" style=\"text-align: left;\">\n<p>Moikka!<\/p>\n<p>Olen Teppo Lallukka, suomalainen luolasukelluskouluttaja. Olen  sukeltanut vuodesta 1991 ja tekniikkasukeltamista olen kouluttanut  vuodesta 2001. Luolasukeltamisen aloitin vuonna 1997. Suomen ja Ruotsin  vedell\u00e4 t\u00e4yttyneiden kaivosten lis\u00e4ksi olen sukeltanut Floridan,  Meksikon, Norjan, Ranskan, Italian, Unkarin, Australian ja Thaimaan  luolissa. Pyrkimyksen\u00e4ni on k\u00e4yd\u00e4 uusissa luolissa joka vuosi.<\/p>\n<p>T\u00e4ll\u00e4 hetkell\u00e4 opetan onkalosukeltamista Suomessa sek\u00e4 Ranskassa jossa opetan my\u00f6s luokasukeltamista.<\/p>\n<p>Kun en kouluta, nautin multi-stage DPV -sukelluksista ja luolien  videokuvaamisesta. Olen rakentamassa my\u00f6s rutiineja uudelle Tres  Presidentes PSCR:lleni. Suurin osa sukelluksistani ovat kylmiss\u00e4 vesiss\u00e4  mutta nautin my\u00f6s l\u00e4mpimien vesien luolasukelluksista ilman hanskoja  tai huppua.<\/p>\n<\/div>\n<p>[\/et_pb_text][\/et_pb_column][\/et_pb_row][et_pb_row column_structure=&#8221;1_3,1_3,1_3&#8243; make_equal=&#8221;on&#8221; _builder_version=&#8221;4.18.0&#8243; _module_preset=&#8221;default&#8221; width_tablet=&#8221;90%&#8221; width_phone=&#8221;90%&#8221; width_last_edited=&#8221;on|phone&#8221; custom_margin=&#8221;|auto|101px|auto||&#8221; custom_padding=&#8221;26px||20px|||&#8221; hover_enabled=&#8221;0&#8243; global_colors_info=&#8221;{}&#8221; sticky_enabled=&#8221;0&#8243;][et_pb_column type=&#8221;1_3&#8243; _builder_version=&#8221;4.17.6&#8243; _module_preset=&#8221;default&#8221; global_colors_info=&#8221;{}&#8221;][et_pb_divider color=&#8221;#FFFFFF&#8221; divider_weight=&#8221;2px&#8221; _builder_version=&#8221;4.18.0&#8243; _module_preset=&#8221;default&#8221; global_colors_info=&#8221;{}&#8221;][\/et_pb_divider][et_pb_text _builder_version=&#8221;4.18.0&#8243; _module_preset=&#8221;default&#8221; header_2_font=&#8221;|||on|||||&#8221; header_2_text_align=&#8221;center&#8221; header_2_text_color=&#8221;#E02B20&#8243; header_2_font_size=&#8221;27px&#8221; custom_margin=&#8221;||13px|||&#8221; global_colors_info=&#8221;{}&#8221;]<\/p>\n<h2 style=\"text-align: left;\">Sukelluskokemus<\/h2>\n<p>[\/et_pb_text][et_pb_text _builder_version=&#8221;4.18.0&#8243; _module_preset=&#8221;default&#8221; text_font=&#8221;|300|||||||&#8221; text_font_size=&#8221;16px&#8221; link_font=&#8221;|||on|||||&#8221; link_font_size=&#8221;16px&#8221; link_letter_spacing=&#8221;1px&#8221; custom_margin=&#8221;||40px|||&#8221; global_colors_info=&#8221;{}&#8221;]<\/p>\n<div data-pm-slice=\"1 1 []\" data-en-clipboard=\"true\" style=\"text-align: left;\">\n<div data-pm-slice=\"1 1 []\" data-en-clipboard=\"true\">\n<div data-pm-slice=\"1 1 [&quot;ul&quot;,{&quot;style&quot;:null,&quot;backgroundColor&quot;:null,&quot;color&quot;:null,&quot;lineHeight&quot;:null,&quot;listStyleType&quot;:null},&quot;li&quot;,{&quot;style&quot;:null,&quot;checked&quot;:null,&quot;value&quot;:null,&quot;displayValue&quot;:null,&quot;backgroundColor&quot;:null,&quot;color&quot;:null,&quot;listStyleType&quot;:null}]\" data-en-clipboard=\"true\">22 vuotta sukeltanut\n1000+ sukellusta\n700+ luolasukellusta\n250+ DPV luolasukellusta\n700+ seoskaasusukellusta<\/div>\n<\/div>\n<\/div>\n<p>[\/et_pb_text][\/et_pb_column][et_pb_column type=&#8221;1_3&#8243; _builder_version=&#8221;4.17.6&#8243; _module_preset=&#8221;default&#8221; global_colors_info=&#8221;{}&#8221;][et_pb_divider color=&#8221;#FFFFFF&#8221; divider_weight=&#8221;2px&#8221; _builder_version=&#8221;4.18.0&#8243; _module_preset=&#8221;default&#8221; global_colors_info=&#8221;{}&#8221;][\/et_pb_divider][et_pb_text _builder_version=&#8221;4.18.0&#8243; _module_preset=&#8221;default&#8221; header_text_color=&#8221;#0C71C3&#8243; header_2_font=&#8221;|||on|||||&#8221; header_2_text_align=&#8221;center&#8221; header_2_text_color=&#8221;#E02B20&#8243; header_2_font_size=&#8221;27px&#8221; custom_margin=&#8221;||13px|||&#8221; global_colors_info=&#8221;{}&#8221;]<\/p>\n<h2 style=\"text-align: left;\">Kouluttajaluokitukset<\/h2>\n<p>[\/et_pb_text][et_pb_text _builder_version=&#8221;4.18.0&#8243; _module_preset=&#8221;default&#8221; text_font=&#8221;|300|||||||&#8221; text_font_size=&#8221;16px&#8221; custom_margin=&#8221;||40px|||&#8221; global_colors_info=&#8221;{}&#8221;]<\/p>\n<div data-pm-slice=\"1 1 []\" data-en-clipboard=\"true\" style=\"text-align: left;\">\n<div data-pm-slice=\"1 1 []\" data-en-clipboard=\"true\">\n<ul>\n<li data-pm-slice=\"1 1 []\" data-en-clipboard=\"true\">1996 CMAS M1 -kouluttaja<\/li>\n<li>2001 IANTD Advanced Nitrox -kouluttaja<\/li>\n<li>2006 IANTD Normoxic Trimix -kouluttaja<\/li>\n<li>2007 IANTD Technical Cave -kouluttaja, Trimix -kouluttaja<\/li>\n<li>2009 IANTD Cave DPV -kouluttaja<\/li>\n<li>2010 IANTD Multistage -kouluttaja, OW Sidemount -kouluttaja<\/li>\n<\/ul>\n<\/div>\n<\/div>\n<p>[\/et_pb_text][\/et_pb_column][et_pb_column type=&#8221;1_3&#8243; _builder_version=&#8221;4.18.0&#8243; _module_preset=&#8221;default&#8221; global_colors_info=&#8221;{}&#8221;][et_pb_divider color=&#8221;#FFFFFF&#8221; divider_weight=&#8221;2px&#8221; _builder_version=&#8221;4.18.0&#8243; _module_preset=&#8221;default&#8221; global_colors_info=&#8221;{}&#8221;][\/et_pb_divider][et_pb_text _builder_version=&#8221;4.18.0&#8243; _module_preset=&#8221;default&#8221; header_2_font=&#8221;|||on|||||&#8221; header_2_text_align=&#8221;center&#8221; header_2_text_color=&#8221;#E02B20&#8243; header_2_font_size=&#8221;27px&#8221; custom_margin=&#8221;||13px|||&#8221; global_colors_info=&#8221;{}&#8221;]<\/p>\n<h2 style=\"text-align: left;\">Muut saavutukset<\/h2>\n<p>[\/et_pb_text][et_pb_text _builder_version=&#8221;4.18.0&#8243; _module_preset=&#8221;default&#8221; text_font=&#8221;|300|||||||&#8221; text_font_size=&#8221;16px&#8221; custom_margin=&#8221;||40px|||&#8221; global_colors_info=&#8221;{}&#8221;]<\/p>\n<div data-pm-slice=\"1 1 []\" data-en-clipboard=\"true\" style=\"text-align: left;\">\n<div data-pm-slice=\"1 1 []\" data-en-clipboard=\"true\">\n<div data-pm-slice=\"1 1 []\" data-en-clipboard=\"true\">FCDA (Finnish Cave Diving Association) perustajaj\u00e4sen<\/div>\n<div>Suomalaisen tekniikkasukellusseminaarien Techu2010, Fitness &amp; Bubbles2011, Techu2013 yksi p\u00e4\u00e4j\u00e4rjest\u00e4jist\u00e4<\/div>\n<div>Suomen Sukellusliiton puheenjohtaja 2013.<\/div>\n<\/div>\n<\/div>\n<p>[\/et_pb_text][\/et_pb_column][\/et_pb_row][\/et_pb_section]<\/p>","protected":false},"excerpt":{"rendered":"<p>Instructor Hi there! My name is Teppo Lallukka and I am a Finnish cave diving instructor. I have been diving since 1991 and teaching technical diving since 2001. I started cave diving 1997. In addition to flooded mines in Finland and Sweden, I have had the pleasure of diving caves in Florida, Mexico, Norway, France, [&hellip;]<\/p>","protected":false},"author":1,"featured_media":0,"parent":0,"menu_order":0,"comment_status":"closed","ping_status":"closed","template":"","meta":{"_et_pb_use_builder":"on","_et_pb_old_content":"","_et_gb_content_width":""},"acf":[],"_links":{"self":[{"href":"https:\/\/cavediving.fi\/fi\/wp-json\/wp\/v2\/pages\/142"}],"collection":[{"href":"https:\/\/cavediving.fi\/fi\/wp-json\/wp\/v2\/pages"}],"about":[{"href":"https:\/\/cavediving.fi\/fi\/wp-json\/wp\/v2\/types\/page"}],"author":[{"embeddable":true,"href":"https:\/\/cavediving.fi\/fi\/wp-json\/wp\/v2\/users\/1"}],"replies":[{"embeddable":true,"href":"https:\/\/cavediving.fi\/fi\/wp-json\/wp\/v2\/comments?post=142"}],"version-history":[{"count":12,"href":"https:\/\/cavediving.fi\/fi\/wp-json\/wp\/v2\/pages\/142\/revisions"}],"predecessor-version":[{"id":783,"href":"https:\/\/cavediving.fi\/fi\/wp-json\/wp\/v2\/pages\/142\/revisions\/783"}],"wp:attachment":[{"href":"https:\/\/cavediving.fi\/fi\/wp-json\/wp\/v2\/media?parent=142"}],"curies":[{"name":"wp","href":"https:\/\/api.w.org\/{rel}","templated":true}]}}