{"id":156,"date":"2022-08-12T16:23:57","date_gmt":"2022-08-12T14:23:57","guid":{"rendered":"http:\/\/31.217.196.11\/~gwusbqvh\/?page_id=156"},"modified":"2022-08-18T17:24:43","modified_gmt":"2022-08-18T15:24:43","slug":"training","status":"publish","type":"page","link":"https:\/\/cavediving.fi\/fi\/training\/","title":{"rendered":"Koulutus"},"content":{"rendered":"<p>[et_pb_section fb_built=&#8221;1&#8243; _builder_version=&#8221;4.17.6&#8243; _module_preset=&#8221;default&#8221; custom_padding=&#8221;31px|||||&#8221; global_colors_info=&#8221;{}&#8221;][et_pb_row make_equal=&#8221;on&#8221; _builder_version=&#8221;4.18.0&#8243; _module_preset=&#8221;default&#8221; custom_margin=&#8221;|auto|26px|auto||&#8221; custom_padding=&#8221;86px||12px|||&#8221; hover_enabled=&#8221;0&#8243; global_colors_info=&#8221;{}&#8221; sticky_enabled=&#8221;0&#8243;][et_pb_column type=&#8221;4_4&#8243; _builder_version=&#8221;4.18.0&#8243; _module_preset=&#8221;default&#8221; global_colors_info=&#8221;{}&#8221;][et_pb_text content_tablet=&#8221;<\/p>\n<h1 style=\"%22text-align:\" center;%22>Koulutus<\/h1>\n<p>&#8221; content_phone=&#8221;<\/p>\n<h1 style=\"%22text-align:\" center;%22>Koulutus<\/h1>\n<p>&#8221; content_last_edited=&#8221;on|desktop&#8221; _builder_version=&#8221;4.18.0&#8243; _module_preset=&#8221;default&#8221; header_2_font=&#8221;|||on|||||&#8221; header_2_text_align=&#8221;center&#8221; header_2_text_color=&#8221;#E02B20&#8243; header_2_font_size=&#8221;27px&#8221; custom_margin=&#8221;||22px|||&#8221; custom_margin_tablet=&#8221;0px||0px||false|false&#8221; custom_margin_phone=&#8221;0px||0px||false|false&#8221; custom_margin_last_edited=&#8221;on|phone&#8221; custom_padding=&#8221;0px||0px||false|false&#8221; global_colors_info=&#8221;{}&#8221;]<\/p>\n<h1 style=\"text-align: left;\">Koulutus<\/h1>\n<p>[\/et_pb_text][\/et_pb_column][\/et_pb_row][et_pb_row column_structure=&#8221;1_3,1_3,1_3&#8243; make_equal=&#8221;on&#8221; _builder_version=&#8221;4.18.0&#8243; _module_preset=&#8221;default&#8221; width_tablet=&#8221;90%&#8221; width_phone=&#8221;90%&#8221; width_last_edited=&#8221;on|desktop&#8221; custom_margin=&#8221;|auto|26px|auto||&#8221; custom_padding=&#8221;13px||49px|||&#8221; hover_enabled=&#8221;0&#8243; global_colors_info=&#8221;{}&#8221; sticky_enabled=&#8221;0&#8243;][et_pb_column type=&#8221;1_3&#8243; _builder_version=&#8221;4.18.0&#8243; _module_preset=&#8221;default&#8221; global_colors_info=&#8221;{}&#8221;][et_pb_divider color=&#8221;#FFFFFF&#8221; divider_weight=&#8221;2px&#8221; _builder_version=&#8221;4.18.0&#8243; _module_preset=&#8221;default&#8221; global_colors_info=&#8221;{}&#8221;][\/et_pb_divider][et_pb_text _builder_version=&#8221;4.18.0&#8243; _module_preset=&#8221;default&#8221; text_font=&#8221;|300|||||||&#8221; text_font_size=&#8221;16px&#8221; custom_margin=&#8221;||7px|||&#8221; custom_padding=&#8221;||23px|||&#8221; global_colors_info=&#8221;{}&#8221;]<\/p>\n<div data-pm-slice=\"1 1 []\" data-en-clipboard=\"true\" style=\"text-align: left;\">\n<h2 data-pm-slice=\"1 1 []\" data-en-clipboard=\"true\">Mit\u00e4 on tekniikkasukellus?<\/h2>\n<\/div>\n<p>[\/et_pb_text][et_pb_text _builder_version=&#8221;4.18.0&#8243; _module_preset=&#8221;default&#8221; text_font=&#8221;|300|||||||&#8221; text_font_size=&#8221;16px&#8221; custom_padding=&#8221;||23px|||&#8221; global_colors_info=&#8221;{}&#8221;]<\/p>\n<div data-pm-slice=\"1 1 []\" data-en-clipboard=\"true\" style=\"text-align: left;\">\n<div data-pm-slice=\"1 1 []\" data-en-clipboard=\"true\">Tekniikkasukellus  m\u00e4\u00e4ritell\u00e4\u00e4n usein sukelluksella, jonka aikana k\u00e4ytet\u00e4\u00e4n useampia  hengitysseoksia. Seos voi sis\u00e4lt\u00e4\u00e4 happirikastettua ilmaa (nitrox) tai  hapen, typen ja heliumin seosta (trimix). Nousua eli dekompressiota  nopeutetaan usein joko nitroxilla ja\/tai puhtaalla hapella. Sukellukset  poikkeavat tavallisesta virkistyssukeltamisesta, sill\u00e4 useimmat  sukellukset ovat dekompressiosukelluksia. H\u00e4t\u00e4tilanteen tullen ei  t\u00e4ll\u00f6in voida suoraan nousta pintaan ilman kohonnutta sukeltajataudin  riski\u00e4.<\/div>\n<\/div>\n<p>[\/et_pb_text][\/et_pb_column][et_pb_column type=&#8221;1_3&#8243; _builder_version=&#8221;4.18.0&#8243; _module_preset=&#8221;default&#8221; global_colors_info=&#8221;{}&#8221;][et_pb_divider color=&#8221;#FFFFFF&#8221; divider_weight=&#8221;2px&#8221; _builder_version=&#8221;4.18.0&#8243; _module_preset=&#8221;default&#8221; global_colors_info=&#8221;{}&#8221;][\/et_pb_divider][et_pb_text _builder_version=&#8221;4.18.0&#8243; _module_preset=&#8221;default&#8221; text_font=&#8221;|300|||||||&#8221; text_font_size=&#8221;16px&#8221; custom_margin=&#8221;||7px|||&#8221; custom_padding=&#8221;||23px|||&#8221; global_colors_info=&#8221;{}&#8221;]<\/p>\n<div data-pm-slice=\"1 1 []\" data-en-clipboard=\"true\" style=\"text-align: left;\">\n<h2 data-pm-slice=\"1 1 []\" data-en-clipboard=\"true\">Mit\u00e4 hy\u00f6ty\u00e4 koulutuksesta on?<\/h2>\n<\/div>\n<p>[\/et_pb_text][et_pb_text _builder_version=&#8221;4.18.0&#8243; _module_preset=&#8221;default&#8221; text_font=&#8221;|300|||||||&#8221; text_font_size=&#8221;16px&#8221; custom_padding=&#8221;||23px|||&#8221; global_colors_info=&#8221;{}&#8221;]<\/p>\n<div data-pm-slice=\"1 1 []\" data-en-clipboard=\"true\" style=\"text-align: left;\">\n<div data-pm-slice=\"1 1 []\" data-en-clipboard=\"true\">\n<div data-pm-slice=\"1 1 []\" data-en-clipboard=\"true\">Tekniikkasukelluskurssilla  opituista taidoista on luonnollisesti hy\u00f6ty\u00e4  tekniikkasukellusharrastuksen kehittyess\u00e4. Toki n\u00e4ist\u00e4 tiedoista on  hy\u00f6ty\u00e4 my\u00f6s normaalissa virkistyssukeltamisessa! Tasapainotuksen  hallinta, erilaiset uintipotkut, tiimikeskeisyys sek\u00e4 sukellusten  suunnittelu ovat keskeisess\u00e4 asemassa kaikessa tekniikkakoulutuksessa,  ja niist\u00e4 hy\u00f6dyt my\u00f6s vaikka sukeltaisitkin virkistyssukelluksen  puitteissa.<\/div>\n<\/div>\n<\/div>\n<p>[\/et_pb_text][\/et_pb_column][et_pb_column type=&#8221;1_3&#8243; _builder_version=&#8221;4.18.0&#8243; _module_preset=&#8221;default&#8221; global_colors_info=&#8221;{}&#8221;][et_pb_divider color=&#8221;#FFFFFF&#8221; divider_weight=&#8221;2px&#8221; _builder_version=&#8221;4.18.0&#8243; _module_preset=&#8221;default&#8221; global_colors_info=&#8221;{}&#8221;][\/et_pb_divider][et_pb_text _builder_version=&#8221;4.18.0&#8243; _module_preset=&#8221;default&#8221; text_font=&#8221;|300|||||||&#8221; text_font_size=&#8221;16px&#8221; custom_margin=&#8221;||7px|||&#8221; custom_padding=&#8221;||23px|||&#8221; global_colors_info=&#8221;{}&#8221;]<\/p>\n<div data-pm-slice=\"1 1 []\" data-en-clipboard=\"true\" style=\"text-align: left;\">\n<h2 data-pm-slice=\"1 1 []\" data-en-clipboard=\"true\">Miten kannattaa valmistautua tekniikkasukelluskurssille?<\/h2>\n<\/div>\n<p>[\/et_pb_text][et_pb_text _builder_version=&#8221;4.18.0&#8243; _module_preset=&#8221;default&#8221; text_font=&#8221;|300|||||||&#8221; text_font_size=&#8221;16px&#8221; custom_padding=&#8221;||23px|||&#8221; global_colors_info=&#8221;{}&#8221;]<\/p>\n<div data-pm-slice=\"1 1 []\" data-en-clipboard=\"true\" style=\"text-align: left;\">\n<div data-pm-slice=\"1 1 []\" data-en-clipboard=\"true\">\n<div data-pm-slice=\"1 1 []\" data-en-clipboard=\"true\">\n<div data-pm-slice=\"1 1 []\" data-en-clipboard=\"true\">Ennen  kurssia kannattaa harjoitella perusasioita. Tasapainotuksen olisi syyt\u00e4  onnistua niin, ett\u00e4 pystyy leijumaan paikallaan puolen metrin p\u00e4\u00e4ss\u00e4  pohjasta p\u00f6llytt\u00e4m\u00e4tt\u00e4 sit\u00e4. Varusteidesi pit\u00e4\u00e4 olla rigattu niin, ett\u00e4  pystyt ulottumaan venttiileihisi. Kannattaa my\u00f6s varmistaa ennen kurssia  ett\u00e4 kuivapuku istuu hyvin eik\u00e4 vuoda.<\/div>\n<\/div>\n<\/div>\n<\/div>\n<p>[\/et_pb_text][\/et_pb_column][\/et_pb_row][et_pb_row column_structure=&#8221;1_3,1_3,1_3&#8243; make_equal=&#8221;on&#8221; _builder_version=&#8221;4.18.0&#8243; _module_preset=&#8221;default&#8221; width_tablet=&#8221;90%&#8221; width_phone=&#8221;90%&#8221; width_last_edited=&#8221;on|desktop&#8221; custom_margin=&#8221;|auto|170px|auto||&#8221; custom_padding=&#8221;13px||49px|||&#8221; hover_enabled=&#8221;0&#8243; global_colors_info=&#8221;{}&#8221; sticky_enabled=&#8221;0&#8243;][et_pb_column type=&#8221;1_3&#8243; _builder_version=&#8221;4.18.0&#8243; _module_preset=&#8221;default&#8221; global_colors_info=&#8221;{}&#8221;][et_pb_divider color=&#8221;#FFFFFF&#8221; divider_weight=&#8221;2px&#8221; _builder_version=&#8221;4.18.0&#8243; _module_preset=&#8221;default&#8221; global_colors_info=&#8221;{}&#8221;][\/et_pb_divider][et_pb_text _builder_version=&#8221;4.18.0&#8243; _module_preset=&#8221;default&#8221; text_font=&#8221;|300|||||||&#8221; text_font_size=&#8221;16px&#8221; custom_margin=&#8221;||7px|||&#8221; custom_padding=&#8221;||23px|||&#8221; global_colors_info=&#8221;{}&#8221;]<\/p>\n<div data-pm-slice=\"1 1 []\" data-en-clipboard=\"true\" style=\"text-align: left;\">\n<h2 data-pm-slice=\"1 1 []\" data-en-clipboard=\"true\">Mit\u00e4 varusteita tarvitsen?<\/h2>\n<\/div>\n<p>[\/et_pb_text][et_pb_text _builder_version=&#8221;4.18.0&#8243; _module_preset=&#8221;default&#8221; text_font=&#8221;|300|||||||&#8221; text_font_size=&#8221;16px&#8221; custom_padding=&#8221;||23px|||&#8221; global_colors_info=&#8221;{}&#8221;]<\/p>\n<div data-pm-slice=\"1 1 []\" data-en-clipboard=\"true\" style=\"text-align: left;\">\n<div data-pm-slice=\"1 1 []\" data-en-clipboard=\"true\">\n<div data-pm-slice=\"1 1 []\" data-en-clipboard=\"true\">Varusteena  kursseilla on tuplapullot kahdella alentajalla, joista toisessa on  oltava v\u00e4h 1,5 m (suositus 2,1 m) matalapaineletku. Tuplien kanssa  k\u00e4ytet\u00e4\u00e4n Wings-mallista tasapainotusliivi\u00e4 sek\u00e4 selk\u00e4levy\u00e4  hihnastoineen. Tarvittaessa kurssin harjoitussukelluksille voi vuokrata  dekompressios\u00e4ili\u00f6n ja regulaattorin sek\u00e4 nostos\u00e4kin ja kelan (spool).<\/div>\n<\/div>\n<\/div>\n<p>[\/et_pb_text][\/et_pb_column][et_pb_column type=&#8221;1_3&#8243; _builder_version=&#8221;4.18.0&#8243; _module_preset=&#8221;default&#8221; global_colors_info=&#8221;{}&#8221;][et_pb_divider color=&#8221;#FFFFFF&#8221; divider_weight=&#8221;2px&#8221; _builder_version=&#8221;4.18.0&#8243; _module_preset=&#8221;default&#8221; global_colors_info=&#8221;{}&#8221;][\/et_pb_divider][et_pb_text _builder_version=&#8221;4.18.0&#8243; _module_preset=&#8221;default&#8221; text_font=&#8221;|300|||||||&#8221; text_font_size=&#8221;16px&#8221; custom_margin=&#8221;||7px|||&#8221; custom_padding=&#8221;||23px|||&#8221; global_colors_info=&#8221;{}&#8221;]<\/p>\n<div data-pm-slice=\"1 1 []\" data-en-clipboard=\"true\" style=\"text-align: left;\">\n<h2 data-pm-slice=\"1 1 []\" data-en-clipboard=\"true\">Mit\u00e4 kurssin hintaan sis\u00e4ltyy?<\/h2>\n<\/div>\n<p>[\/et_pb_text][et_pb_text _builder_version=&#8221;4.18.0&#8243; _module_preset=&#8221;default&#8221; text_font=&#8221;|300|||||||&#8221; text_font_size=&#8221;16px&#8221; custom_padding=&#8221;||23px|||&#8221; global_colors_info=&#8221;{}&#8221;]<\/p>\n<div data-pm-slice=\"1 1 []\" data-en-clipboard=\"true\" style=\"text-align: left;\">\n<div data-pm-slice=\"1 1 []\" data-en-clipboard=\"true\">\n<div data-pm-slice=\"1 1 []\" data-en-clipboard=\"true\">Kurssien  hintaan kuuluu opetus, kirja ja kortitus. Edell\u00e4mainitun lis\u00e4ksi  lis\u00e4kuluja tulee mm. polttoaineesta, kaasuista, matkustustuksesta jne.  Tarvittaessa voidaan kurssihinta r\u00e4\u00e4t\u00e4l\u00f6id\u00e4 sis\u00e4lt\u00e4m\u00e4\u00e4n kaiken  edell\u00e4mainitun.<\/div>\n<\/div>\n<\/div>\n<p>[\/et_pb_text][\/et_pb_column][et_pb_column type=&#8221;1_3&#8243; _builder_version=&#8221;4.18.0&#8243; _module_preset=&#8221;default&#8221; global_colors_info=&#8221;{}&#8221;][et_pb_divider color=&#8221;#FFFFFF&#8221; divider_weight=&#8221;2px&#8221; _builder_version=&#8221;4.18.0&#8243; _module_preset=&#8221;default&#8221; global_colors_info=&#8221;{}&#8221;][\/et_pb_divider][et_pb_text _builder_version=&#8221;4.18.0&#8243; _module_preset=&#8221;default&#8221; text_font=&#8221;|300|||||||&#8221; text_font_size=&#8221;16px&#8221; custom_margin=&#8221;||7px|||&#8221; custom_padding=&#8221;||23px|||&#8221; global_colors_info=&#8221;{}&#8221;]<\/p>\n<div data-pm-slice=\"1 1 []\" data-en-clipboard=\"true\" style=\"text-align: left;\">\n<h2 data-pm-slice=\"1 1 []\" data-en-clipboard=\"true\">Mit\u00e4 vaaditaan kurssin l\u00e4p\u00e4isemiseksi?<\/h2>\n<\/div>\n<p>[\/et_pb_text][et_pb_text _builder_version=&#8221;4.18.0&#8243; _module_preset=&#8221;default&#8221; text_font=&#8221;|300|||||||&#8221; text_font_size=&#8221;16px&#8221; custom_padding=&#8221;||23px|||&#8221; global_colors_info=&#8221;{}&#8221;]<\/p>\n<div data-pm-slice=\"1 1 []\" data-en-clipboard=\"true\" style=\"text-align: left;\">\n<div data-pm-slice=\"1 1 []\" data-en-clipboard=\"true\">\n<div data-pm-slice=\"1 1 []\" data-en-clipboard=\"true\">\n<div data-pm-slice=\"1 1 []\" data-en-clipboard=\"true\">Kurssien  l\u00e4p\u00e4isemiseksi oppilaan on omaksuttava kurssin tieto- ja  taitovaatimukset, joka todennetaan sukelluksilla sek\u00e4 teoriakokeessa.  Kursseilla korostetaan sukeltajan omia taitoja, toimimista parina sek\u00e4  sukellustiimin j\u00e4senen\u00e4. Hyv\u00e4n tekniikkasukeltajan t\u00e4rkein ty\u00f6kalu on  oma p\u00e4\u00e4.<\/div>\n<\/div>\n<\/div>\n<\/div>\n<p>[\/et_pb_text][\/et_pb_column][\/et_pb_row][\/et_pb_section]<\/p>","protected":false},"excerpt":{"rendered":"<p>Training What is Technical Diving? A common definition for tech diving is a dive, throughout which multiple\u00a0 breathing gas mixes are used. The breathing mixes may be enriched air\u00a0 (nitrox) or a mix of oxygen, nitrogen and helium (trimix). The ascent or\u00a0 decompression phase of the dive is often shortened by using nitrox and \/ [&hellip;]<\/p>","protected":false},"author":1,"featured_media":0,"parent":0,"menu_order":0,"comment_status":"closed","ping_status":"closed","template":"","meta":{"_et_pb_use_builder":"on","_et_pb_old_content":"","_et_gb_content_width":""},"acf":[],"_links":{"self":[{"href":"https:\/\/cavediving.fi\/fi\/wp-json\/wp\/v2\/pages\/156"}],"collection":[{"href":"https:\/\/cavediving.fi\/fi\/wp-json\/wp\/v2\/pages"}],"about":[{"href":"https:\/\/cavediving.fi\/fi\/wp-json\/wp\/v2\/types\/page"}],"author":[{"embeddable":true,"href":"https:\/\/cavediving.fi\/fi\/wp-json\/wp\/v2\/users\/1"}],"replies":[{"embeddable":true,"href":"https:\/\/cavediving.fi\/fi\/wp-json\/wp\/v2\/comments?post=156"}],"version-history":[{"count":8,"href":"https:\/\/cavediving.fi\/fi\/wp-json\/wp\/v2\/pages\/156\/revisions"}],"predecessor-version":[{"id":791,"href":"https:\/\/cavediving.fi\/fi\/wp-json\/wp\/v2\/pages\/156\/revisions\/791"}],"wp:attachment":[{"href":"https:\/\/cavediving.fi\/fi\/wp-json\/wp\/v2\/media?parent=156"}],"curies":[{"name":"wp","href":"https:\/\/api.w.org\/{rel}","templated":true}]}}